{"id":135,"date":"2023-08-05T17:56:05","date_gmt":"2023-08-05T17:56:05","guid":{"rendered":"https:\/\/husegklima.hu\/?page_id=135"},"modified":"2025-05-21T08:40:46","modified_gmt":"2025-05-21T08:40:46","slug":"klima-tisztitas","status":"publish","type":"page","link":"https:\/\/husegklima.hu\/index.php\/klima-tisztitas\/","title":{"rendered":"Kl\u00edma tiszt\u00edt\u00e1s"},"content":{"rendered":"\t\t<div data-elementor-type=\"wp-page\" data-elementor-id=\"135\" class=\"elementor elementor-135\">\n\t\t\t\t\t\t<section class=\"elementor-section elementor-top-section elementor-element elementor-element-404ae95 elementor-section-boxed elementor-section-height-default elementor-section-height-default\" data-id=\"404ae95\" data-element_type=\"section\">\n\t\t\t\t\t\t<div class=\"elementor-container elementor-column-gap-default\">\n\t\t\t\t\t<div class=\"elementor-column elementor-col-100 elementor-top-column elementor-element elementor-element-84e9393\" data-id=\"84e9393\" data-element_type=\"column\">\n\t\t\t<div class=\"elementor-widget-wrap elementor-element-populated\">\n\t\t\t\t\t\t<div class=\"elementor-element elementor-element-205d8f8 elementor-widget elementor-widget-heading\" data-id=\"205d8f8\" data-element_type=\"widget\" data-widget_type=\"heading.default\">\n\t\t\t\t<div class=\"elementor-widget-container\">\n\t\t\t<style>\/*! elementor - v3.23.0 - 23-07-2024 *\/\n.elementor-heading-title{padding:0;margin:0;line-height:1}.elementor-widget-heading .elementor-heading-title[class*=elementor-size-]>a{color:inherit;font-size:inherit;line-height:inherit}.elementor-widget-heading .elementor-heading-title.elementor-size-small{font-size:15px}.elementor-widget-heading .elementor-heading-title.elementor-size-medium{font-size:19px}.elementor-widget-heading .elementor-heading-title.elementor-size-large{font-size:29px}.elementor-widget-heading .elementor-heading-title.elementor-size-xl{font-size:39px}.elementor-widget-heading .elementor-heading-title.elementor-size-xxl{font-size:59px}<\/style><h2 class=\"elementor-heading-title elementor-size-default\">Kl\u00edma tiszt\u00edt\u00e1s<\/h2>\t\t<\/div>\n\t\t\t\t<\/div>\n\t\t\t\t\t<\/div>\n\t\t<\/div>\n\t\t\t\t\t<\/div>\n\t\t<\/section>\n\t\t\t\t<section class=\"elementor-section elementor-top-section elementor-element elementor-element-64b8a54 elementor-section-boxed elementor-section-height-default elementor-section-height-default\" data-id=\"64b8a54\" data-element_type=\"section\">\n\t\t\t\t\t\t<div class=\"elementor-container elementor-column-gap-default\">\n\t\t\t\t\t<div class=\"elementor-column elementor-col-100 elementor-top-column elementor-element elementor-element-4935292\" data-id=\"4935292\" data-element_type=\"column\">\n\t\t\t<div class=\"elementor-widget-wrap elementor-element-populated\">\n\t\t\t\t\t\t\t<\/div>\n\t\t<\/div>\n\t\t\t\t\t<\/div>\n\t\t<\/section>\n\t\t\t\t<section class=\"elementor-section elementor-top-section elementor-element elementor-element-659bddae elementor-section-content-middle elementor-reverse-mobile elementor-section-boxed elementor-section-height-default elementor-section-height-default\" data-id=\"659bddae\" data-element_type=\"section\">\n\t\t\t\t\t\t<div class=\"elementor-container elementor-column-gap-no\">\n\t\t\t\t\t<div class=\"elementor-column elementor-col-50 elementor-top-column elementor-element elementor-element-26035827\" data-id=\"26035827\" data-element_type=\"column\">\n\t\t\t<div class=\"elementor-widget-wrap elementor-element-populated\">\n\t\t\t\t\t\t<div class=\"elementor-element elementor-element-1fca42aa elementor-widget elementor-widget-heading\" data-id=\"1fca42aa\" data-element_type=\"widget\" data-widget_type=\"heading.default\">\n\t\t\t\t<div class=\"elementor-widget-container\">\n\t\t\t<h4 class=\"elementor-heading-title elementor-size-default\">Karbantart\u00e1s<\/h4>\t\t<\/div>\n\t\t\t\t<\/div>\n\t\t\t\t<div class=\"elementor-element elementor-element-37f0e6a5 elementor-widget elementor-widget-text-editor\" data-id=\"37f0e6a5\" data-element_type=\"widget\" data-widget_type=\"text-editor.default\">\n\t\t\t\t<div class=\"elementor-widget-container\">\n\t\t\t<style>\/*! elementor - v3.23.0 - 23-07-2024 *\/\n.elementor-widget-text-editor.elementor-drop-cap-view-stacked .elementor-drop-cap{background-color:#69727d;color:#fff}.elementor-widget-text-editor.elementor-drop-cap-view-framed .elementor-drop-cap{color:#69727d;border:3px solid;background-color:transparent}.elementor-widget-text-editor:not(.elementor-drop-cap-view-default) .elementor-drop-cap{margin-top:8px}.elementor-widget-text-editor:not(.elementor-drop-cap-view-default) .elementor-drop-cap-letter{width:1em;height:1em}.elementor-widget-text-editor .elementor-drop-cap{float:left;text-align:center;line-height:1;font-size:50px}.elementor-widget-text-editor .elementor-drop-cap-letter{display:inline-block}<\/style>\t\t\t\t<h3><em>Nagyon l\u00e9nyeges szempont a rendszeres karbantart\u00e1s \u00e9s tiszt\u00edt\u00e1s elv\u00e9gz\u00e9se a k\u00e9sz\u00fcl\u00e9k hossz\u00fa \u00e9lettartama, a garancia fenntart\u00e1sa, a kedvez\u0151 \u00e1ramfogyaszt\u00e1s \u00e9s nem utols\u00f3 sorban eg\u00e9szs\u00e9g\u00fcnk meg\u0151rz\u00e9se szempontj\u00e1b\u00f3l. (A k\u00e9sz\u00fcl\u00e9k nem megfelel\u0151, illetve id\u0151k\u00f6z\u00f6k\u00f6n t\u00fal elv\u00e9gzett \/ kihagyott karbantart\u00e1sa a k\u00f3rokoz\u00f3k elszaporod\u00e1s\u00e1t \u00e9s ez\u00e1ltal eg\u00e9szs\u00e9gk\u00e1rosod\u00e1st eredm\u00e9nyezhet.)<\/em><\/h3>\n<h3><em>A gy\u00e1rt\u00f3 r\u00e1ad\u00e1sul a garanci\u00e1t az el\u0151\u00edrt karbantart\u00e1sok megfelel\u0151 ciklikus elv\u00e9gz\u00e9s\u00e9hez k\u00f6ti.<\/em><\/h3>\n<h3><em>A k\u00e9sz\u00fcl\u00e9kek karbantart\u00e1sa minden esetben a felhaszn\u00e1l\u00e1s m\u00f3dj\u00e1t\u00f3l f\u00fcgg:&nbsp; Aj\u00e1nlott a szezon\u00e1lis id\u0151szakok megkezd\u00e9se el\u0151tt elv\u00e9gezni.<\/em><\/h3>\t\t\t\t\t\t<\/div>\n\t\t\t\t<\/div>\n\t\t\t\t<div class=\"elementor-element elementor-element-7a36313e elementor-widget elementor-widget-button\" data-id=\"7a36313e\" data-element_type=\"widget\" data-widget_type=\"button.default\">\n\t\t\t\t<div class=\"elementor-widget-container\">\n\t\t\t\t\t<div class=\"elementor-button-wrapper\">\n\t\t\t<a class=\"elementor-button elementor-button-link elementor-size-sm elementor-animation-grow\" href=\"https:\/\/husegklima.hu\/index.php\/arak\/\" target=\"_blank\">\n\t\t\t\t\t\t<span class=\"elementor-button-content-wrapper\">\n\t\t\t\t\t\t<span class=\"elementor-button-icon\">\n\t\t\t\t<i aria-hidden=\"true\" class=\"fas fa-hand-holding-usd\"><\/i>\t\t\t<\/span>\n\t\t\t\t\t\t\t\t\t<span class=\"elementor-button-text\">\u00c1rAK<\/span>\n\t\t\t\t\t<\/span>\n\t\t\t\t\t<\/a>\n\t\t<\/div>\n\t\t\t\t<\/div>\n\t\t\t\t<\/div>\n\t\t\t\t\t<\/div>\n\t\t<\/div>\n\t\t\t\t<div class=\"elementor-column elementor-col-50 elementor-top-column elementor-element elementor-element-44b7d7a1\" data-id=\"44b7d7a1\" data-element_type=\"column\">\n\t\t\t<div class=\"elementor-widget-wrap elementor-element-populated\">\n\t\t\t\t\t\t<div class=\"elementor-element elementor-element-176f7b8c elementor-widget elementor-widget-image\" data-id=\"176f7b8c\" data-element_type=\"widget\" data-widget_type=\"image.default\">\n\t\t\t\t<div class=\"elementor-widget-container\">\n\t\t\t<style>\/*! elementor - v3.23.0 - 23-07-2024 *\/\n.elementor-widget-image{text-align:center}.elementor-widget-image a{display:inline-block}.elementor-widget-image a img[src$=\".svg\"]{width:48px}.elementor-widget-image img{vertical-align:middle;display:inline-block}<\/style>\t\t\t\t\t\t\t\t\t\t<img fetchpriority=\"high\" decoding=\"async\" width=\"1920\" height=\"2560\" src=\"https:\/\/husegklima.hu\/wp-content\/uploads\/2025\/01\/IMG_4872-scaled.jpeg\" class=\"attachment-full size-full wp-image-501\" alt=\"\" srcset=\"https:\/\/husegklima.hu\/wp-content\/uploads\/2025\/01\/IMG_4872-scaled.jpeg 1920w, https:\/\/husegklima.hu\/wp-content\/uploads\/2025\/01\/IMG_4872-225x300.jpeg 225w, https:\/\/husegklima.hu\/wp-content\/uploads\/2025\/01\/IMG_4872-768x1024.jpeg 768w, https:\/\/husegklima.hu\/wp-content\/uploads\/2025\/01\/IMG_4872-1152x1536.jpeg 1152w, https:\/\/husegklima.hu\/wp-content\/uploads\/2025\/01\/IMG_4872-1536x2048.jpeg 1536w\" sizes=\"(max-width: 1920px) 100vw, 1920px\" \/>\t\t\t\t\t\t\t\t\t\t\t\t\t<\/div>\n\t\t\t\t<\/div>\n\t\t\t\t\t<\/div>\n\t\t<\/div>\n\t\t\t\t\t<\/div>\n\t\t<\/section>\n\t\t\t\t<section class=\"elementor-section elementor-top-section elementor-element elementor-element-40c6448a elementor-section-content-middle elementor-section-boxed elementor-section-height-default elementor-section-height-default\" data-id=\"40c6448a\" data-element_type=\"section\">\n\t\t\t\t\t\t<div class=\"elementor-container elementor-column-gap-no\">\n\t\t\t\t\t<div class=\"elementor-column elementor-col-33 elementor-top-column elementor-element elementor-element-1b476982\" data-id=\"1b476982\" data-element_type=\"column\">\n\t\t\t<div class=\"elementor-widget-wrap elementor-element-populated\">\n\t\t\t\t\t\t<div class=\"elementor-element elementor-element-6f4a665c elementor-widget elementor-widget-heading\" data-id=\"6f4a665c\" data-element_type=\"widget\" data-widget_type=\"heading.default\">\n\t\t\t\t<div class=\"elementor-widget-container\">\n\t\t\t<h3 class=\"elementor-heading-title elementor-size-default\">Kl\u00edma-tiszt\u00edt\u00e1s<\/h3>\t\t<\/div>\n\t\t\t\t<\/div>\n\t\t\t\t<div class=\"elementor-element elementor-element-541ce3d8 elementor-widget elementor-widget-image\" data-id=\"541ce3d8\" data-element_type=\"widget\" data-widget_type=\"image.default\">\n\t\t\t\t<div class=\"elementor-widget-container\">\n\t\t\t\t\t\t\t\t\t\t\t\t\t<img decoding=\"async\" width=\"768\" height=\"1024\" src=\"https:\/\/husegklima.hu\/wp-content\/uploads\/2025\/05\/IMG_3125-768x1024.jpg\" class=\"elementor-animation-grow attachment-large size-large wp-image-1008\" alt=\"\" srcset=\"https:\/\/husegklima.hu\/wp-content\/uploads\/2025\/05\/IMG_3125-768x1024.jpg 768w, https:\/\/husegklima.hu\/wp-content\/uploads\/2025\/05\/IMG_3125-225x300.jpg 225w, https:\/\/husegklima.hu\/wp-content\/uploads\/2025\/05\/IMG_3125-1152x1536.jpg 1152w, https:\/\/husegklima.hu\/wp-content\/uploads\/2025\/05\/IMG_3125-1536x2048.jpg 1536w, https:\/\/husegklima.hu\/wp-content\/uploads\/2025\/05\/IMG_3125-scaled.jpg 1920w\" sizes=\"(max-width: 768px) 100vw, 768px\" \/>\t\t\t\t\t\t\t\t\t\t\t\t\t<\/div>\n\t\t\t\t<\/div>\n\t\t\t\t\t<\/div>\n\t\t<\/div>\n\t\t\t\t<div class=\"elementor-column elementor-col-33 elementor-top-column elementor-element elementor-element-57b83e11\" data-id=\"57b83e11\" data-element_type=\"column\">\n\t\t\t<div class=\"elementor-widget-wrap elementor-element-populated\">\n\t\t\t\t\t\t<div class=\"elementor-element elementor-element-64aeeea elementor-widget elementor-widget-image\" data-id=\"64aeeea\" data-element_type=\"widget\" data-widget_type=\"image.default\">\n\t\t\t\t<div class=\"elementor-widget-container\">\n\t\t\t\t\t\t\t\t\t\t\t\t\t<img decoding=\"async\" width=\"1024\" height=\"731\" src=\"https:\/\/husegklima.hu\/wp-content\/uploads\/2025\/05\/IMG_5456-scaled-e1747816767243-1024x731.jpg\" class=\"elementor-animation-grow attachment-large size-large wp-image-1007\" alt=\"\" srcset=\"https:\/\/husegklima.hu\/wp-content\/uploads\/2025\/05\/IMG_5456-scaled-e1747816767243-1024x731.jpg 1024w, https:\/\/husegklima.hu\/wp-content\/uploads\/2025\/05\/IMG_5456-scaled-e1747816767243-300x214.jpg 300w, https:\/\/husegklima.hu\/wp-content\/uploads\/2025\/05\/IMG_5456-scaled-e1747816767243-768x548.jpg 768w, https:\/\/husegklima.hu\/wp-content\/uploads\/2025\/05\/IMG_5456-scaled-e1747816767243-1536x1096.jpg 1536w, https:\/\/husegklima.hu\/wp-content\/uploads\/2025\/05\/IMG_5456-scaled-e1747816767243.jpg 1920w\" sizes=\"(max-width: 1024px) 100vw, 1024px\" \/>\t\t\t\t\t\t\t\t\t\t\t\t\t<\/div>\n\t\t\t\t<\/div>\n\t\t\t\t<div class=\"elementor-element elementor-element-1e905446 elementor-widget elementor-widget-text-editor\" data-id=\"1e905446\" data-element_type=\"widget\" data-widget_type=\"text-editor.default\">\n\t\t\t\t<div class=\"elementor-widget-container\">\n\t\t\t\t\t\t\t<h3><em><strong>A haszn\u00e1lat sor\u00e1n \u00f6sszegy\u0171lik a por \u00e9s egy\u00e9b szennyez\u0151d\u00e9sek, bakt\u00e9riumok, mikroorganizmusok. Ilyen esetekben nem javasoljuk a h\u00e1zilagos tiszt\u00edt\u00e1st, mivel ez a m\u00f3dszer nem vezet \u00e9rdemleges eredm\u00e9nyre. Szakembereink kitiszt\u00edtj\u00e1k a k\u00fclt\u00e9ri, belt\u00e9ri egys\u00e9get is, sz\u00fcks\u00e9g eset\u00e9n a cseppv\u00edz elvezet\u0151 foly\u00f3k\u00e1kat is.<\/strong><\/em><\/h3><h3><em><strong>Ne felejts\u00fck el: ha a berendez\u00e9s haszn\u00e1laton k\u00edv\u00fcl van, akkor is \u00f6sszegy\u0171lik benne a szennyez\u0151d\u00e9s!<\/strong><\/em><\/h3><h3><em><strong>C\u00e9g\u00fcnkn\u00e9l a kl\u00edmatiszt\u00edt\u00e1s folyamata mindig mos\u00f3zs\u00e1kos-sterim\u00f3s tiszt\u00edt\u00e1ssal, speci\u00e1lis gomba\u00f6l\u0151 kl\u00edmatiszt\u00edt\u00f3 szerekkel t\u00f6rt\u00e9nik.<\/strong><\/em><\/h3>\t\t\t\t\t\t<\/div>\n\t\t\t\t<\/div>\n\t\t\t\t\t<\/div>\n\t\t<\/div>\n\t\t\t\t<div class=\"elementor-column elementor-col-33 elementor-top-column elementor-element elementor-element-79d12338\" data-id=\"79d12338\" data-element_type=\"column\">\n\t\t\t<div class=\"elementor-widget-wrap elementor-element-populated\">\n\t\t\t\t\t\t<div class=\"elementor-element elementor-element-1d869acd elementor-widget elementor-widget-image\" data-id=\"1d869acd\" data-element_type=\"widget\" data-widget_type=\"image.default\">\n\t\t\t\t<div class=\"elementor-widget-container\">\n\t\t\t\t\t\t\t\t\t\t\t\t\t<img loading=\"lazy\" decoding=\"async\" width=\"1920\" height=\"2560\" src=\"https:\/\/husegklima.hu\/wp-content\/uploads\/2025\/05\/IMG_3145-scaled.jpg\" class=\"elementor-animation-grow attachment-full size-full wp-image-1009\" alt=\"\" srcset=\"https:\/\/husegklima.hu\/wp-content\/uploads\/2025\/05\/IMG_3145-scaled.jpg 1920w, https:\/\/husegklima.hu\/wp-content\/uploads\/2025\/05\/IMG_3145-225x300.jpg 225w, https:\/\/husegklima.hu\/wp-content\/uploads\/2025\/05\/IMG_3145-768x1024.jpg 768w, https:\/\/husegklima.hu\/wp-content\/uploads\/2025\/05\/IMG_3145-1152x1536.jpg 1152w, https:\/\/husegklima.hu\/wp-content\/uploads\/2025\/05\/IMG_3145-1536x2048.jpg 1536w\" sizes=\"(max-width: 1920px) 100vw, 1920px\" \/>\t\t\t\t\t\t\t\t\t\t\t\t\t<\/div>\n\t\t\t\t<\/div>\n\t\t\t\t\t<\/div>\n\t\t<\/div>\n\t\t\t\t\t<\/div>\n\t\t<\/section>\n\t\t\t\t<\/div>\n\t\t","protected":false},"excerpt":{"rendered":"<p>Kl\u00edma tiszt\u00edt\u00e1s Karbantart\u00e1s Nagyon l\u00e9nyeges szempont a rendszeres karbantart\u00e1s \u00e9s tiszt\u00edt\u00e1s elv\u00e9gz\u00e9se a k\u00e9sz\u00fcl\u00e9k hossz\u00fa \u00e9lettartama, a garancia fenntart\u00e1sa, a kedvez\u0151 \u00e1ramfogyaszt\u00e1s \u00e9s nem utols\u00f3 sorban eg\u00e9szs\u00e9g\u00fcnk meg\u0151rz\u00e9se szempontj\u00e1b\u00f3l. (A k\u00e9sz\u00fcl\u00e9k nem megfelel\u0151, illetve id\u0151k\u00f6z\u00f6k\u00f6n t\u00fal elv\u00e9gzett \/ kihagyott karbantart\u00e1sa a k\u00f3rokoz\u00f3k elszaporod\u00e1s\u00e1t \u00e9s ez\u00e1ltal eg\u00e9szs\u00e9gk\u00e1rosod\u00e1st eredm\u00e9nyezhet.) A gy\u00e1rt\u00f3 r\u00e1ad\u00e1sul a garanci\u00e1t az el\u0151\u00edrt karbantart\u00e1sok [&hellip;]<\/p>\n","protected":false},"author":1,"featured_media":0,"parent":0,"menu_order":0,"comment_status":"closed","ping_status":"closed","template":"","meta":{"ocean_post_layout":"full-screen","ocean_both_sidebars_style":"","ocean_both_sidebars_content_width":0,"ocean_both_sidebars_sidebars_width":0,"ocean_sidebar":"0","ocean_second_sidebar":"0","ocean_disable_margins":"enable","ocean_add_body_class":"","ocean_shortcode_before_top_bar":"","ocean_shortcode_after_top_bar":"","ocean_shortcode_before_header":"","ocean_shortcode_after_header":"","ocean_has_shortcode":"","ocean_shortcode_after_title":"","ocean_shortcode_before_footer_widgets":"","ocean_shortcode_after_footer_widgets":"","ocean_shortcode_before_footer_bottom":"","ocean_shortcode_after_footer_bottom":"","ocean_display_top_bar":"off","ocean_display_header":"default","ocean_header_style":"","ocean_center_header_left_menu":"0","ocean_custom_header_template":"0","ocean_custom_logo":0,"ocean_custom_retina_logo":0,"ocean_custom_logo_max_width":0,"ocean_custom_logo_tablet_max_width":0,"ocean_custom_logo_mobile_max_width":0,"ocean_custom_logo_max_height":0,"ocean_custom_logo_tablet_max_height":0,"ocean_custom_logo_mobile_max_height":0,"ocean_header_custom_menu":"0","ocean_menu_typo_font_family":"0","ocean_menu_typo_font_subset":"","ocean_menu_typo_font_size":0,"ocean_menu_typo_font_size_tablet":0,"ocean_menu_typo_font_size_mobile":0,"ocean_menu_typo_font_size_unit":"px","ocean_menu_typo_font_weight":"","ocean_menu_typo_font_weight_tablet":"","ocean_menu_typo_font_weight_mobile":"","ocean_menu_typo_transform":"","ocean_menu_typo_transform_tablet":"","ocean_menu_typo_transform_mobile":"","ocean_menu_typo_line_height":0,"ocean_menu_typo_line_height_tablet":0,"ocean_menu_typo_line_height_mobile":0,"ocean_menu_typo_line_height_unit":"","ocean_menu_typo_spacing":0,"ocean_menu_typo_spacing_tablet":0,"ocean_menu_typo_spacing_mobile":0,"ocean_menu_typo_spacing_unit":"","ocean_menu_link_color":"","ocean_menu_link_color_hover":"","ocean_menu_link_color_active":"","ocean_menu_link_background":"","ocean_menu_link_hover_background":"","ocean_menu_link_active_background":"","ocean_menu_social_links_bg":"","ocean_menu_social_hover_links_bg":"","ocean_menu_social_links_color":"","ocean_menu_social_hover_links_color":"","ocean_disable_title":"on","ocean_disable_heading":"default","ocean_post_title":"","ocean_post_subheading":"","ocean_post_title_style":"","ocean_post_title_background_color":"","ocean_post_title_background":0,"ocean_post_title_bg_image_position":"","ocean_post_title_bg_image_attachment":"","ocean_post_title_bg_image_repeat":"","ocean_post_title_bg_image_size":"","ocean_post_title_height":0,"ocean_post_title_bg_overlay":0.5,"ocean_post_title_bg_overlay_color":"","ocean_disable_breadcrumbs":"default","ocean_breadcrumbs_color":"","ocean_breadcrumbs_separator_color":"","ocean_breadcrumbs_links_color":"","ocean_breadcrumbs_links_hover_color":"","ocean_display_footer_widgets":"off","ocean_display_footer_bottom":"off","ocean_custom_footer_template":"0","footnotes":""},"class_list":["post-135","page","type-page","status-publish","hentry","entry"],"_links":{"self":[{"href":"https:\/\/husegklima.hu\/index.php\/wp-json\/wp\/v2\/pages\/135","targetHints":{"allow":["GET"]}}],"collection":[{"href":"https:\/\/husegklima.hu\/index.php\/wp-json\/wp\/v2\/pages"}],"about":[{"href":"https:\/\/husegklima.hu\/index.php\/wp-json\/wp\/v2\/types\/page"}],"author":[{"embeddable":true,"href":"https:\/\/husegklima.hu\/index.php\/wp-json\/wp\/v2\/users\/1"}],"replies":[{"embeddable":true,"href":"https:\/\/husegklima.hu\/index.php\/wp-json\/wp\/v2\/comments?post=135"}],"version-history":[{"count":77,"href":"https:\/\/husegklima.hu\/index.php\/wp-json\/wp\/v2\/pages\/135\/revisions"}],"predecessor-version":[{"id":1012,"href":"https:\/\/husegklima.hu\/index.php\/wp-json\/wp\/v2\/pages\/135\/revisions\/1012"}],"wp:attachment":[{"href":"https:\/\/husegklima.hu\/index.php\/wp-json\/wp\/v2\/media?parent=135"}],"curies":[{"name":"wp","href":"https:\/\/api.w.org\/{rel}","templated":true}]}}